{"id":3517,"date":"2021-09-21T09:27:41","date_gmt":"2021-09-21T09:27:41","guid":{"rendered":"https:\/\/casa-lima.com\/politica-de-privacidad\/"},"modified":"2022-04-27T15:42:07","modified_gmt":"2022-04-27T15:42:07","slug":"politica-de-privacidad","status":"publish","type":"page","link":"https:\/\/casa-lima.com\/es\/politica-de-privacidad\/","title":{"rendered":"Pol\u00edtica de Privacidad"},"content":{"rendered":"\n<p>La marca CASA LIMA Travel Items, Lda se preocupa por la protecci\u00f3n, la seguridad y la seguridad y<br\/>privacidad de la informaci\u00f3n personal ya que somos conscientes de la confianza que deposita<br\/>en nosotros. La Pol\u00edtica de privacidad a continuaci\u00f3n describe la informaci\u00f3n personal que<br\/>recibimos cuando visita el casa-lima.com y utiliza sus aplicaciones relacionadas, y c\u00f3mo<br\/>guardamos esa informaci\u00f3n. Esta pol\u00edtica puede ser cambiada en cualquier momento sin previo aviso<br\/>previo. Por favor, revise esta pol\u00edtica peri\u00f3dicamente para cualquier cambio. Cuando se utiliza<br\/>tanto el sitio web como nuestras aplicaciones, usted aprobar\u00e1 autom\u00e1ticamente que acepta<br\/>con las pr\u00e1cticas descritas en nuestra pol\u00edtica.<\/p>\n\n<h2 class=\"wp-block-heading\">1 &#8211; INFORMACI\u00d3N RECOPILADA<\/h2>\n\n<p>Cuando interact\u00faa con nosotros a trav\u00e9s de nuestros servicios, podemos recopilar datos personales y otra informaci\u00f3n como se describe a continuaci\u00f3n:<br\/>Podemos utilizar sus Datos personales y otra informaci\u00f3n personal no identificable recopilada a trav\u00e9s de los Servicios para ayudarnos a mejorar el contenido y la funcionalidad de nuestros Servicios. Podemos utilizar esta informaci\u00f3n para ponernos en contacto con usted en el futuro para informarle sobre los servicios que creemos que pueden ser de su inter\u00e9s.<br\/>\u2013 Cookies: Utilizamos cookies para almacenar informaci\u00f3n, como sus preferencias personales cuando visita nuestro sitio web. Esto puede incluir una simple ventana emergente o una conexi\u00f3n a varios servicios que ofrecemos. Sin embargo, puede desactivar sus cookies, en las opciones de su navegador o realizando cambios utilizando las herramientas del programa Antivirus. Sin embargo, esto puede cambiar la forma en que interact\u00faa con nuestro sitio web u otros sitios web. Esto puede afectar o no permitirle iniciar sesi\u00f3n en nuestros programas, sitios web o foros desde otras redes.<br\/>\u2013 Informaci\u00f3n autom\u00e1tica: al igual que otros sitios web, recopilamos y utilizamos la informaci\u00f3n contenida en los registros. La informaci\u00f3n contenida en los registros incluye su direcci\u00f3n IP (protocolo de Internet), su ISP (proveedor de servicios de Internet, como Sapo, Clix u otro), el navegador que utiliz\u00f3 al visitar nuestro sitio web (como Internet Explorer o Firefox), la hora de su visita y qu\u00e9 p\u00e1ginas visit\u00f3 dentro de nuestro sitio web.<\/p>\n\n<h2 class=\"wp-block-heading\">2 &#8211; SEGURIDAD<\/h2>\n\n<p>Tomamos medidas de seguridad para proteger los datos personales, con revisiones internas de nuestras pr\u00e1cticas de recopilaci\u00f3n, almacenamiento y procesamiento, as\u00ed como medidas de seguridad f\u00edsica para protegernos contra el acceso no autorizado a los sistemas donde almacenamos datos personales.<\/p>\n\n<h2 class=\"wp-block-heading\">3 &#8211; DERECHOS DEL USUARIO<\/h2>\n\n<p>El Interesado tiene derecho a (por):<br\/>\u2013 Informaci\u00f3n y acceso: el usuario puede obtener informaci\u00f3n sobre el tratamiento de sus datos y obtener una copia de los mismos;<br\/>\u2013 Rectificaci\u00f3n de sus datos, si los considera incorrectos o incompletos;<br\/>\u2013 Limitaci\u00f3n o pago total de sus datos personales almacenados en nuestra base de datos, en la medida en que lo permita la ley;<br\/>\u2013 Informaci\u00f3n y acceso: el usuario puede obtener informaci\u00f3n sobre el tratamiento de sus datos y obtener una copia de los mismos;<br\/>\u2013 Oposici\u00f3n: El Interesado podr\u00e1 oponerse al tratamiento de sus datos personales por motivos de inter\u00e9s leg\u00edtimo. En cualquier momento, puede deber el procesamiento de dichos datos cuando sea el objetivo de actividades de marketing directo, incluida la elaboraci\u00f3n de perfiles;<br\/>\u2013 Decisiones autom\u00e1ticas: en su caso, el Titular tiene derecho a obtener la intervenci\u00f3n humana de la persona responsable, expresar su punto de vista e impugnar las decisiones autom\u00e1ticas, incluida la elaboraci\u00f3n de perfiles;<br\/>\u2013 Retirar el consentimiento: en los casos en que haya dado su consentimiento para el tratamiento de datos personales, puede retirarlo en todo momento;<br\/>\u2013 Portabilidad: cuando sea legalmente admisible, tiene derecho a devolver los datos personales que le conciernen y que nos ha facilitado o, si es t\u00e9cnicamente posible, a cederlos a otro tercero, responsable del tratamiento.<\/p>\n\n<h2 class=\"wp-block-heading\">4 &#8211; DELEGADO DE PROTECCI\u00d3N DE DATOS<\/h2>\n\n<p>MARCA CASA LIMA Travel Articles, Lda cuenta con un Delegado de Protecci\u00f3n de Datos, con el que se puede contactar a trav\u00e9s del correo electr\u00f3nico geral@casa-lima.com.<br\/>El Delegado de Protecci\u00f3n de Datos es responsable, en particular, de supervisar el cumplimiento de las actividades que impliquen el tratamiento de sus datos con las normas legales y reglamentarias aplicables, y tambi\u00e9n es el punto de contacto entre CASA LIMA Travel Articles, Lda y la Autoridad Nacional de Control, as\u00ed como entre CCASA LIMA Travel Articles, Lda y sus clientes y usuarios en asuntos relacionados con el tratamiento de datos personales.<\/p>\n\n<h2 class=\"wp-block-heading\">5 &#8211; \u00bfCON QUI\u00c9N SE COMPARTEN SUS DATOS?<\/h2>\n\n<p>Los datos recopilados por CASA LIMA Travel Articles, Lda solo se compartir\u00e1n con terceros cuando esto sea esencial para la actividad de la empresa, o con el fin de cumplir con las obligaciones legales y contractuales, a saber, pero no solo, entidades de subcontrataci\u00f3n, por ejemplo, para la prestaci\u00f3n de servicios financieros, contabilidad, correo, servicios de TI, servicios de archivo,  \u00f3rganos judiciales u oficiales, instituciones de control, abogados en el contexto de cualquier controversia que pueda existir entre las partes o queja, entre otros, a nuestro servicio.<br\/>CASA LIMA Travel Articles, Lda garantiza que utiliza \u00fanicamente prestadores de servicios que brindan las garant\u00edas de la ejecuci\u00f3n de las medidas t\u00e9cnicas y organizativas necesarias y adecuadas para proteger sus datos personales, sin tener control ni responsabilidad sobre las pol\u00edticas de terceros.<\/p>\n\n<h2 class=\"wp-block-heading\">6 &#8211; ENLACES A SITIOS EXTERNOS \/ ENLACES<\/h2>\n\n<p>Nuestra Pol\u00edtica de Privacidad y Protecci\u00f3n de Datos Personales se aplica exclusivamente a nuestro sitio web, aplicaciones y otras plataformas digitales. Sin embargo, estas plataformas contienen enlaces a sitios web de terceros. Enlazar a estos sitios siempre supone que un usuario hace clic en su enlace, nunca siendo el enlace autom\u00e1tico.<br\/>Es absolutamente imposible para CASA LIMA Travel Articles, Lda garantizar que las pr\u00e1cticas de nuestros socios y proveedores con respecto a la protecci\u00f3n de datos est\u00e9n de acuerdo con la ley y nuestros requisitos \u00e9ticos. As\u00ed, CASA LIMA Travel Articles, Lda no asume ninguna responsabilidad por el contenido o pol\u00edtica de privacidad de los sitios web externos, siendo responsabilidad exclusiva de sus titulares cualquier da\u00f1o, p\u00e9rdida, il\u00edcito o infracci\u00f3n causado, o presuntamente causado, o relacionado, con el uso de estas p\u00e1ginas web o recursos externos.<\/p>\n\n<h2 class=\"has-x-large-font-size wp-block-heading\">Pol\u00edtica de cookies<\/h2>\n\n<h2 class=\"wp-block-heading\">1. COOKIES: \u00bfQU\u00c9 SON?<\/h2>\n\n<p>Las cookies son archivos de texto de peque\u00f1o tama\u00f1o almacenados en el equipo de los usuarios (\u00abUsuario\u00bb) durante las visitas a algunos sitios web (\u00abSitios\u00bb). El uso de este tipo de tecnolog\u00eda en el acceso a los Sitios es una pr\u00e1ctica com\u00fan, no perjudica el equipamiento de los usuarios (ordenador, smartphone, tablet, etc.) y los diferentes navegadores (browsers) permiten a cada Usuario tener la posibilidad de rechazar su uso y\/o eliminar aquellos que ya han sido almacenados.<\/p>\n\n<p>Las cookies desempe\u00f1an un papel importante en el funcionamiento de los diversos Sitios y en el acceso a diferentes contenidos, lo que le permite comprender c\u00f3mo el Sitio est\u00e1 siendo utilizado por sus Usuarios y facilitar su navegaci\u00f3n, con el fin de garantizar una mejor experiencia de uso del Sitio.<\/p>\n\n<h2 class=\"wp-block-heading\">2. \u00bfPOR QU\u00c9 UTILIZAMOS COOKIES?<\/h2>\n\n<p>El sitio web www.casa-lima.com almacena cookies que se utilizan para mejorar el rendimiento y la experiencia de los usuarios, en los t\u00e9rminos legalmente permitidos. Las cookies almacenadas en el sitio de CASA LIMA Travel Articles, Lda no se utilizan para el registro de ninguna informaci\u00f3n personal o confidencial, ni para el registro de navegaci\u00f3n por Internet externa al sitio CASA LIMA Travel Articles,  Lda, lo siento.<\/p>\n\n<p>Las cookies almacenadas en el sitio web de CASA LIMA Travel Articles, Lda no identifican al Usuario, sino \u00fanicamente el ordenador utilizado, y le permiten mejorar su experiencia de navegaci\u00f3n y uso, por ejemplo, ayud\u00e1ndonos a asociar su equipo con sus preferencias o proporcion\u00e1ndole contenido que entendemos que puede ser de su inter\u00e9s.<\/p>\n\n<h2 class=\"wp-block-heading\">3. CATEGOR\u00cdAS DE COOKIES<\/h2>\n\n<p>Las cookies almacenadas en el SITIO CASA LIMA Travel Articles, Lda son de tres tipos:<br\/>Cookies simples: son cookies necesarias para que el sitio CASA LIMA Travel Articles, Lda funcione de manera eficiente, registre la ruta del usuario durante su visita sin identificarlo y se eliminan autom\u00e1ticamente al salir del sitio CASA LIMA Travel Articles, Lda.<br\/>Cookies persistentes: estas cookies no son esenciales para el funcionamiento de casa lima travel articles, Lda pero permiten identificar a los usuarios cada vez que acceden a las p\u00e1ginas optimizando su experiencia de navegaci\u00f3n. Con estas cookies se le asigna un n\u00famero \u00fanico que identifica al Usuario cuando ingresa al sitio web de CASA LIMA Travel Articles, Lda. Las cookies persistentes permanecen en el ordenador hasta que son eliminadas por el Usuario.<br\/>Cookies de publicidad comportamental: son cookies que le permiten mostrar publicidad que se entiende adecuada a sus intereses y gustos. Por ejemplo, si usted es un lector interesado en art\u00edculos sobre autom\u00f3viles, es probable que se le presente publicidad sobre servicios y bienes relacionados con el autom\u00f3vil.<br\/>Otras cookies o cookies de terceros: son cookies generalmente colocadas por Sitios Web de terceros con el permiso de casa lima Travel Articles, Lda, permiti\u00e9ndole recordarle que el Usuario ya ha visitado ese mismo Sitio.<\/p>\n\n<h2 class=\"wp-block-heading\">4. C\u00d3MO GESTIONAR LAS COOKIES<\/h2>\n\n<p>Al continuar navegando por el SITIO CASA LIMA Travel Articles, Lda, y a menos que haya deshabilitado las cookies, usted acepta su uso de acuerdo con esta Pol\u00edtica de Cookies. Si elige deshabilitar las cookies, todas o algunas partes del sitio web de art\u00edculos de viaje de casa lima, es posible que Lda no funcione correctamente y la experiencia de navegaci\u00f3n en el sitio web de art\u00edculos de viaje de casa lima, Lda puede exhibir una degradaci\u00f3n considerable.  individual o totalmente, cookies.<\/p>\n\n<p>Para obtener m\u00e1s informaci\u00f3n sobre las cookies, su uso y c\u00f3mo gestionar sus preferencias de cookies, puede consultar las p\u00e1ginas de ayuda espec\u00edficas de los diferentes navegadores o p\u00e1ginas gen\u00e9ricas sobre este tema, por ejemplo:<\/p>\n\n<p>https:\/\/www.allaboutcookies.orghttps:\/\/www.microsoft.com\/info\/cookies.mspx<\/p>\n\n<p>Cromo: https:\/\/support.google.com\/chrome\/answer\/95647?hl=pt<\/p>\n\n<p>Internet Explorer: https:\/\/support.microsoft.com\/pt-pt\/help\/17442\/windows-internet-explorer-delete-manage-cookies#ie=ie-10<\/p>\n\n<p>Borde: https:\/\/privacy.microsoft.com\/en-us\/windows-10-microsoft-edge-and-privacy<\/p>\n\n<p>Mozzila Firefox: https:\/\/support.mozilla.org\/pt-PT\/kb\/ativar-e-desativar-cookies-que-os-websites-utiliza<\/p>\n\n<p>Apple: https:\/\/support.apple.com\/kb\/PH17191?locale=en_US&amp;viewlocale=pt_PT<\/p>\n\n<p>\u00d3pera: https:\/\/support.apple.com\/kb\/PH17191?locale=en_US&amp;viewlocale=pt_PT<\/p>\n","protected":false},"excerpt":{"rendered":"<p>La marca CASA LIMA Travel Items, Lda se preocupa por la protecci\u00f3n, la seguridad y la seguridad yprivacidad de la informaci\u00f3n personal ya que somos conscientes de la confianza que&hellip;<\/p>\n","protected":false},"author":3,"featured_media":0,"parent":0,"menu_order":0,"comment_status":"closed","ping_status":"open","template":"","meta":{"footnotes":""},"class_list":["post-3517","page","type-page","status-publish","hentry"],"_links":{"self":[{"href":"https:\/\/casa-lima.com\/es\/wp-json\/wp\/v2\/pages\/3517","targetHints":{"allow":["GET"]}}],"collection":[{"href":"https:\/\/casa-lima.com\/es\/wp-json\/wp\/v2\/pages"}],"about":[{"href":"https:\/\/casa-lima.com\/es\/wp-json\/wp\/v2\/types\/page"}],"author":[{"embeddable":true,"href":"https:\/\/casa-lima.com\/es\/wp-json\/wp\/v2\/users\/3"}],"replies":[{"embeddable":true,"href":"https:\/\/casa-lima.com\/es\/wp-json\/wp\/v2\/comments?post=3517"}],"version-history":[{"count":2,"href":"https:\/\/casa-lima.com\/es\/wp-json\/wp\/v2\/pages\/3517\/revisions"}],"predecessor-version":[{"id":3526,"href":"https:\/\/casa-lima.com\/es\/wp-json\/wp\/v2\/pages\/3517\/revisions\/3526"}],"wp:attachment":[{"href":"https:\/\/casa-lima.com\/es\/wp-json\/wp\/v2\/media?parent=3517"}],"curies":[{"name":"wp","href":"https:\/\/api.w.org\/{rel}","templated":true}]}}