{"id":3530,"date":"2021-10-11T11:31:27","date_gmt":"2021-10-11T11:31:27","guid":{"rendered":"https:\/\/casa-lima.com\/politica-de-devoluciones\/"},"modified":"2022-04-27T15:42:02","modified_gmt":"2022-04-27T15:42:02","slug":"politica-de-devoluciones","status":"publish","type":"page","link":"https:\/\/casa-lima.com\/es\/politica-de-devoluciones\/","title":{"rendered":"Pol\u00edtica de devoluciones"},"content":{"rendered":"\n<p>El cambio o devoluci\u00f3n de un producto a una talla m\u00e1s adecuada es gratuito a la primera vez. Sin embargo, todos los intercambios est\u00e1n sujetos a disponibilidad de existencias.<br\/>Si no est\u00e1 satisfecho con su producto por cualquier motivo, puede realizar un pedido de cambio o devoluci\u00f3n dentro de los 8 d\u00edas h\u00e1biles posteriores a su compra siempre que:<br\/>\u2013 mantener intacto y sin usar de ninguna manera;<br\/>\u2013 conservar en su embalaje original, sin da\u00f1os;<br\/>\u2013 est\u00e1 completo y devuelto en su totalidad del pedido original.<\/p>\n\n<h2 class=\"wp-block-heading\"><strong>Intercambio de productos:<\/strong><\/h2>\n\n<p>Para cambiar el producto, siga estos pasos:<\/p>\n\n<p>Entra en tu \u00e1rea de cliente y selecciona la pesta\u00f1a Devoluciones. Haga clic en \u00abNueva devoluci\u00f3n\u00bb para solicitar el cambio del producto dentro de los 8 d\u00edas h\u00e1biles posteriores a la recepci\u00f3n de su pedido.<\/p>\n\n<p>Elige el pedido que quieres cambiar, selecciona el producto, el motivo y la cantidad que quieres cambiar. Rellene toda la informaci\u00f3n necesaria a continuaci\u00f3n.<\/p>\n\n<p>Si desea recibir notificaciones por correo electr\u00f3nico sobre el estado del pedido de su intercambio, le recomendamos que despu\u00e9s de crear la solicitud de cambio en la p\u00e1gina de devoluciones, haga clic en \u00abVer\u00bb y seleccione el bot\u00f3n \u00abHabilitar notificaciones por correo electr\u00f3nico para recibir respuestas de este hilo\u00bb.<\/p>\n\n<p>Despu\u00e9s de la solicitud de cambio nos pondremos en contacto con usted.<\/p>\n\n<p>CASA LIMA Travel Items Lda tambi\u00e9n se reserva el derecho de cobrar los costos de recuperaci\u00f3n de los bienes recibidos despu\u00e9s de 8 d\u00edas h\u00e1biles.<\/p>\n\n<p>Solo en Portugal es la primera devoluci\u00f3n gratuita.<\/p>\n\n<h2 class=\"wp-block-heading\"><strong>Direcci\u00f3n de env\u00edo:<\/strong><\/h2>\n\n<p>CASA LIMA Art\u00edculos de viaje, Lda<br\/>Calle Rodrigues Sampaio, 186<br\/>4000-424 Oporto, Portugal<\/p>\n\n<h2 class=\"wp-block-heading\"><strong>Devoluci\u00f3n de productos:<\/strong><\/h2>\n\n<p>Para devolver el producto, siga estos pasos:<\/p>\n\n<p>Entra en tu \u00e1rea de cliente y selecciona la pesta\u00f1a Devoluciones. Haga clic en \u00abNueva devoluci\u00f3n\u00bb para solicitar la devoluci\u00f3n del producto. Puede hacerlo en un plazo m\u00e1ximo de 8 d\u00edas h\u00e1biles despu\u00e9s de recibir el pedido. Elige el pedido que quieres cambiar, selecciona el producto, el motivo y la cantidad que quieres devolver. Rellene toda la informaci\u00f3n necesaria a continuaci\u00f3n.<\/p>\n\n<p>Si desea recibir notificaciones por correo electr\u00f3nico sobre el estado del pedido de su devoluci\u00f3n, le recomendamos que despu\u00e9s de crear la solicitud de devoluci\u00f3n en la p\u00e1gina de devoluciones, haga clic en \u00abVer\u00bb y seleccione el bot\u00f3n \u00abHabilitar notificaciones por correo electr\u00f3nico para recibir respuestas de este hilo\u00bb.<\/p>\n\n<p>Despu\u00e9s de la solicitud de devoluci\u00f3n nos pondremos en contacto con usted.<\/p>\n\n<h2 class=\"wp-block-heading\"><strong>Devoluci\u00f3n de producto defectuoso:<\/strong><\/h2>\n\n<p>El cliente tiene derecho a devolver productos defectuosos o que no cumplan con su pedido. Puede hacerlo en un plazo m\u00e1ximo de 15 d\u00edas despu\u00e9s de recibir el pedido. No retire ninguna etiqueta. La MARCA CASA LIMA Travel Items, Lda, despu\u00e9s de recibir el producto y considerando el defecto de fabricaci\u00f3n, proceder\u00e1 a su reemplazo o reembolso. En general, el reembolso se procesar\u00e1 dentro de los 10 d\u00edas h\u00e1biles.<\/p>\n\n<p>Los reembolsos se emitir\u00e1n en la forma de pago original, excepto excepciones o preferencia del cliente.<\/p>\n\n<p><\/p>\n","protected":false},"excerpt":{"rendered":"<p>El cambio o devoluci\u00f3n de un producto a una talla m\u00e1s adecuada es gratuito a la primera vez. Sin embargo, todos los intercambios est\u00e1n sujetos a disponibilidad de existencias.Si no&hellip;<\/p>\n","protected":false},"author":3,"featured_media":0,"parent":0,"menu_order":0,"comment_status":"closed","ping_status":"closed","template":"","meta":{"footnotes":""},"class_list":["post-3530","page","type-page","status-publish","hentry"],"_links":{"self":[{"href":"https:\/\/casa-lima.com\/es\/wp-json\/wp\/v2\/pages\/3530","targetHints":{"allow":["GET"]}}],"collection":[{"href":"https:\/\/casa-lima.com\/es\/wp-json\/wp\/v2\/pages"}],"about":[{"href":"https:\/\/casa-lima.com\/es\/wp-json\/wp\/v2\/types\/page"}],"author":[{"embeddable":true,"href":"https:\/\/casa-lima.com\/es\/wp-json\/wp\/v2\/users\/3"}],"replies":[{"embeddable":true,"href":"https:\/\/casa-lima.com\/es\/wp-json\/wp\/v2\/comments?post=3530"}],"version-history":[{"count":2,"href":"https:\/\/casa-lima.com\/es\/wp-json\/wp\/v2\/pages\/3530\/revisions"}],"predecessor-version":[{"id":3532,"href":"https:\/\/casa-lima.com\/es\/wp-json\/wp\/v2\/pages\/3530\/revisions\/3532"}],"wp:attachment":[{"href":"https:\/\/casa-lima.com\/es\/wp-json\/wp\/v2\/media?parent=3530"}],"curies":[{"name":"wp","href":"https:\/\/api.w.org\/{rel}","templated":true}]}}