{"id":3636,"date":"2022-03-29T11:19:25","date_gmt":"2022-03-29T11:19:25","guid":{"rendered":"https:\/\/casa-lima.com\/metodos-de-pago\/"},"modified":"2022-04-28T16:31:18","modified_gmt":"2022-04-28T16:31:18","slug":"metodos-de-pago","status":"publish","type":"page","link":"https:\/\/casa-lima.com\/es\/metodos-de-pago\/","title":{"rendered":"M\u00e9todos de pago"},"content":{"rendered":"<div class=\"wpb-content-wrapper\"><div class=\"vc_row wpb_row vc_row-fluid\"><div class=\"wpb_column vc_column_container vc_col-sm-12\"><div class=\"vc_column-inner\"><div class=\"wpb_wrapper\">\n\t<div class=\"wpb_text_column wpb_content_element\" >\n\t\t<div class=\"wpb_wrapper\">\n\t\t\t<h2 class=\"wp-block-heading\">Tarjeta de cr\u00e9dito<\/h2>\n<p>El cliente podr\u00e1 pagar con tarjeta de cr\u00e9dito y disfrutar de las ventajas de liquidez y plazos de pago que le ofrece su entidad bancaria.<\/p>\n<p>Todas las transacciones en nuestro sitio web son seguras.<\/p>\n<p>\u00bfEs seguro pagar con mi tarjeta en l\u00ednea?<\/p>\n<p>Esta tienda en l\u00ednea utiliza un sofisticado mecanismo para detectar y prevenir acciones indicadoras de fraude. A trav\u00e9s de esta soluci\u00f3n, es posible verificar la autenticidad de los pagos realizados en l\u00ednea, al mismo tiempo que se salvaguarda la integridad y seguridad de los datos de los clientes, as\u00ed como su identificaci\u00f3n.<\/p>\n<p>Esta seguridad es posible gracias a la tecnolog\u00eda SSL (Secure Socket Layer), que cifra las comunicaciones que se producen entre el ordenador del cliente y nuestro servidor, de forma que no puedan ser interceptadas. Como tal, Casa Lima se reserva el derecho de rechazar el pago de un pedido por una transacci\u00f3n que se considere ilegal. Cualquier y todas las actividades consideradas ilegales ser\u00e1n inmediatamente reportadas a las autoridades competentes.<\/p>\n<p>3D Secure: 3D Secure es un protocolo de comunicaci\u00f3n desarrollado para mejorar la seguridad de los pagos en l\u00ednea y permitir la autenticaci\u00f3n del usuario de la tarjeta de cr\u00e9dito con el banco emisor. Al realizar un pago en una tienda online, se desencadena un proceso para verificar que la tarjeta utilizada es v\u00e1lida. De ser as\u00ed, los sistemas de seguridad asociados al protocolo 3D Secure verifican la identidad del cliente, utilizando el emisor de la tarjeta de cr\u00e9dito en tiempo real. Esto valida la identidad del cliente e informa al sistema de la tienda que la tarjeta utilizada es leg\u00edtima.<\/p>\n<p>El objetivo es proteger a los titulares de tarjetas de cr\u00e9dito, reduciendo la probabilidad de uso fraudulento de sus tarjetas y mejorando el rendimiento de las transacciones. Este protocolo es utilizado por Visa, bajo el nombre \u201cVerified By Visa\u201d, y por Mastercard, bajo el nombre \u201cSecure Code\u201d.<\/p>\n<h2>Cajero autom\u00e1tico<\/h2>\n<p>Los pagos por Multibanco se pueden realizar a trav\u00e9s de la Red de Cajeros Autom\u00e1ticos o a trav\u00e9s de tu Homebanking.<\/p>\n<p>Al finalizar su pedido, se generar\u00e1 una referencia de cajero autom\u00e1tico. El cliente recibir\u00e1 esta referencia en el correo electr\u00f3nico de confirmaci\u00f3n del pedido.<\/p>\n<p>Para pagar en cajero autom\u00e1tico, el cliente deber\u00e1 seleccionar la opci\u00f3n \u201cPago de Servicios\/Compras\u201d e ingresar la entidad, referencia y monto correspondiente.<\/p>\n<h2>MBWAY<\/h2>\n<p>El cliente puede pagar su pedido a trav\u00e9s del sistema de pago MB WAY. Para ello, en el proceso de pedido, deber\u00e1 seleccionar este m\u00e9todo de pago e indicar el n\u00famero de m\u00f3vil al que est\u00e1 asociada la aplicaci\u00f3n, acceder al mismo y seguir los pasos de confirmaci\u00f3n de compra indicados.<\/p>\n<p>Si el n\u00famero ingresado no corresponde a un n\u00famero de pago registrado en esa aplicaci\u00f3n, se mostrar\u00e1 el siguiente mensaje: \u201cNo fue posible validar su pago. Recibimos el siguiente mensaje: Inexistente MB WAY alias.\u201d Tal y como se indica en la solicitud, el pago debe realizarse en un plazo m\u00e1ximo de cinco minutos, de lo contrario se cancelar\u00e1 el pedido.<\/p>\n\n\t\t<\/div>\n\t<\/div>\n<\/div><\/div><\/div><\/div>\n<\/div>","protected":false},"excerpt":{"rendered":"Tarjeta de cr\u00e9dito El cliente podr\u00e1 pagar con tarjeta de cr\u00e9dito y disfrutar de las ventajas de liquidez y plazos de pago que le ofrece su entidad bancaria. Todas las&hellip;","protected":false},"author":2,"featured_media":0,"parent":0,"menu_order":0,"comment_status":"closed","ping_status":"closed","template":"","meta":{"footnotes":""},"class_list":["post-3636","page","type-page","status-publish","hentry"],"_links":{"self":[{"href":"https:\/\/casa-lima.com\/es\/wp-json\/wp\/v2\/pages\/3636","targetHints":{"allow":["GET"]}}],"collection":[{"href":"https:\/\/casa-lima.com\/es\/wp-json\/wp\/v2\/pages"}],"about":[{"href":"https:\/\/casa-lima.com\/es\/wp-json\/wp\/v2\/types\/page"}],"author":[{"embeddable":true,"href":"https:\/\/casa-lima.com\/es\/wp-json\/wp\/v2\/users\/2"}],"replies":[{"embeddable":true,"href":"https:\/\/casa-lima.com\/es\/wp-json\/wp\/v2\/comments?post=3636"}],"version-history":[{"count":4,"href":"https:\/\/casa-lima.com\/es\/wp-json\/wp\/v2\/pages\/3636\/revisions"}],"predecessor-version":[{"id":4346,"href":"https:\/\/casa-lima.com\/es\/wp-json\/wp\/v2\/pages\/3636\/revisions\/4346"}],"wp:attachment":[{"href":"https:\/\/casa-lima.com\/es\/wp-json\/wp\/v2\/media?parent=3636"}],"curies":[{"name":"wp","href":"https:\/\/api.w.org\/{rel}","templated":true}]}}