{"id":3826,"date":"2022-04-19T18:55:48","date_gmt":"2022-04-19T18:55:48","guid":{"rendered":"https:\/\/casa-lima.com\/produto\/cinturon-dakar-105-cm\/"},"modified":"2022-04-27T18:29:38","modified_gmt":"2022-04-27T18:29:38","slug":"cinturon-dakar-105-cm","status":"publish","type":"product","link":"https:\/\/casa-lima.com\/es\/produto\/cinturon-dakar-105-cm\/","title":{"rendered":"Cintur\u00f3n Dakar &#8211; 105 cm"},"content":{"rendered":"<p>Cintur\u00f3n de cuero liso Dakar en cuero genuino. Color marr\u00f3n.<\/p>\n","protected":false},"excerpt":{"rendered":"<p><strong>Sobre cuero<\/strong><\/p>\n","protected":false},"featured_media":3236,"template":"","meta":[],"product_brand":[],"product_cat":[61],"product_tag":[],"class_list":{"0":"post-3826","1":"product","2":"type-product","3":"status-publish","4":"has-post-thumbnail","6":"product_cat-cinturones-y-tirantes","8":"first","9":"instock","10":"taxable","11":"shipping-taxable","12":"purchasable","13":"product-type-simple","14":"layout-style-2","15":"col-md-4 col-sm-4 col-xs-6","16":"col-lg-3","17":"product-style-addtocart"},"_links":{"self":[{"href":"https:\/\/casa-lima.com\/es\/wp-json\/wp\/v2\/product\/3826","targetHints":{"allow":["GET"]}}],"collection":[{"href":"https:\/\/casa-lima.com\/es\/wp-json\/wp\/v2\/product"}],"about":[{"href":"https:\/\/casa-lima.com\/es\/wp-json\/wp\/v2\/types\/product"}],"wp:featuredmedia":[{"embeddable":true,"href":"https:\/\/casa-lima.com\/es\/wp-json\/wp\/v2\/media\/3236"}],"wp:attachment":[{"href":"https:\/\/casa-lima.com\/es\/wp-json\/wp\/v2\/media?parent=3826"}],"wp:term":[{"taxonomy":"product_brand","embeddable":true,"href":"https:\/\/casa-lima.com\/es\/wp-json\/wp\/v2\/product_brand?post=3826"},{"taxonomy":"product_cat","embeddable":true,"href":"https:\/\/casa-lima.com\/es\/wp-json\/wp\/v2\/product_cat?post=3826"},{"taxonomy":"product_tag","embeddable":true,"href":"https:\/\/casa-lima.com\/es\/wp-json\/wp\/v2\/product_tag?post=3826"}],"curies":[{"name":"wp","href":"https:\/\/api.w.org\/{rel}","templated":true}]}}