{"id":5617,"date":"2022-06-29T09:41:43","date_gmt":"2022-06-29T09:41:43","guid":{"rendered":"https:\/\/casa-lima.com\/produto\/maletin-de-cuero-712-lorpel\/"},"modified":"2024-07-04T09:25:07","modified_gmt":"2024-07-04T09:25:07","slug":"pasta-piel-712-lorpel","status":"publish","type":"product","link":"https:\/\/casa-lima.com\/es\/produto\/pasta-piel-712-lorpel\/","title":{"rendered":"Malet\u00edn de cuero 712 Lorpel"},"content":{"rendered":"<p>Malet\u00edn de cuero Lorpel ref 712 marr\u00f3n<\/p>\n","protected":false},"excerpt":{"rendered":"<p>Malet\u00edn de cuero marr\u00f3n Lorpel<\/p>\n","protected":false},"featured_media":5599,"template":"","meta":[],"product_brand":[],"product_cat":[69],"product_tag":[],"class_list":{"0":"post-5617","1":"product","2":"type-product","3":"status-publish","4":"has-post-thumbnail","6":"product_cat-carpetas","8":"first","9":"outofstock","10":"taxable","11":"shipping-taxable","12":"purchasable","13":"product-type-simple","14":"layout-style-2","15":"col-md-4 col-sm-4 col-xs-6","16":"col-lg-3","17":"product-has-gallery","18":"product-style-addtocart"},"_links":{"self":[{"href":"https:\/\/casa-lima.com\/es\/wp-json\/wp\/v2\/product\/5617","targetHints":{"allow":["GET"]}}],"collection":[{"href":"https:\/\/casa-lima.com\/es\/wp-json\/wp\/v2\/product"}],"about":[{"href":"https:\/\/casa-lima.com\/es\/wp-json\/wp\/v2\/types\/product"}],"wp:featuredmedia":[{"embeddable":true,"href":"https:\/\/casa-lima.com\/es\/wp-json\/wp\/v2\/media\/5599"}],"wp:attachment":[{"href":"https:\/\/casa-lima.com\/es\/wp-json\/wp\/v2\/media?parent=5617"}],"wp:term":[{"taxonomy":"product_brand","embeddable":true,"href":"https:\/\/casa-lima.com\/es\/wp-json\/wp\/v2\/product_brand?post=5617"},{"taxonomy":"product_cat","embeddable":true,"href":"https:\/\/casa-lima.com\/es\/wp-json\/wp\/v2\/product_cat?post=5617"},{"taxonomy":"product_tag","embeddable":true,"href":"https:\/\/casa-lima.com\/es\/wp-json\/wp\/v2\/product_tag?post=5617"}],"curies":[{"name":"wp","href":"https:\/\/api.w.org\/{rel}","templated":true}]}}