{"id":3427,"date":"2021-09-21T09:27:41","date_gmt":"2021-09-21T09:27:41","guid":{"rendered":"https:\/\/casa-lima.com\/politique-de-confidentialite\/"},"modified":"2022-04-27T15:42:05","modified_gmt":"2022-04-27T15:42:05","slug":"politique-de-confidentialite","status":"publish","type":"page","link":"https:\/\/casa-lima.com\/fr\/politique-de-confidentialite\/","title":{"rendered":"Politique de confidentialit\u00e9"},"content":{"rendered":"\n<p>La marque CASA LIMA Travel Items, Lda se pr\u00e9occupe de la protection, de la s\u00e9curit\u00e9 et<br\/>la confidentialit\u00e9 des renseignements personnels puisque nous sommes conscients de la confiance qu\u2019il place<br\/>en nous. La politique de confidentialit\u00e9 ci-dessous d\u00e9crit les informations personnelles qui<br\/>nous recevons lorsque vous visitez le casa-lima.com et utilisez ses applications connexes, et comment<br\/>nous conservons ces renseignements. Cette politique peut \u00eatre modifi\u00e9e \u00e0 tout moment sans pr\u00e9avis<br\/>pr\u00e9alable. Veuillez v\u00e9rifier cette politique p\u00e9riodiquement pour tout changement. Lors de l\u2019utilisation<br\/>\u00e0 la fois le site Web et nos applications, vous approuverez automatiquement que vous acceptez<br\/>avec les pratiques d\u00e9crites dans notre politique.<\/p>\n\n<h2 class=\"wp-block-heading\">1 &#8211; INFORMATIONS COLLECT\u00c9ES<\/h2>\n\n<p>Lorsque vous interagissez avec nous par le biais de nos services, nous pouvons collecter des donn\u00e9es personnelles et d\u2019autres informations comme d\u00e9crit ci-dessous :<br\/>Nous pouvons utiliser vos Donn\u00e9es personnelles et d\u2019autres informations personnellement non identifiables collect\u00e9es par le biais des Services pour nous aider \u00e0 am\u00e9liorer le contenu et la fonctionnalit\u00e9 de nos Services. Nous pouvons utiliser ces informations pour vous contacter \u00e0 l\u2019avenir afin de vous informer sur les services qui, selon nous, pourraient vous int\u00e9resser.<br\/>\u2013 Cookies: Nous utilisons des cookies pour stocker des informations, telles que vos pr\u00e9f\u00e9rences personnelles lorsque vous visitez notre site Web. Cela peut inclure une simple fen\u00eatre contextuelle ou une connexion \u00e0 divers services que nous fournissons. Cependant, vous pouvez d\u00e9sactiver vos cookies, dans les options de votre navigateur ou en apportant des modifications \u00e0 l\u2019aide des outils du programme antivirus. Cependant, cela peut changer la fa\u00e7on dont vous interagissez avec notre site Web ou d\u2019autres sites Web. Cela peut affecter ou ne pas vous permettre de vous connecter \u00e0 nos programmes, sites Web ou forums \u00e0 partir d\u2019autres r\u00e9seaux.<br\/>\u2013 Informations automatiques: comme d\u2019autres sites Web, nous collectons et utilisons les informations contenues dans les journaux. Les informations contenues dans les journaux comprennent votre adresse IP (protocole Internet), votre FAI (fournisseur de services Internet, tel que Sapo, Clix ou autre), le navigateur que vous avez utilis\u00e9 lors de la visite de notre site Web (tel qu\u2019Internet Explorer ou Firefox), l\u2019heure de votre visite et les pages que vous avez visit\u00e9es sur notre site Web.<\/p>\n\n<h2 class=\"wp-block-heading\">2 &#8211; S\u00c9CURIT\u00c9<\/h2>\n\n<p>Nous prenons des mesures de s\u00e9curit\u00e9 pour prot\u00e9ger les donn\u00e9es personnelles, avec des examens internes de nos pratiques de collecte, de stockage et de traitement, ainsi que des mesures de s\u00e9curit\u00e9 physique pour nous prot\u00e9ger contre l\u2019acc\u00e8s non autoris\u00e9 aux syst\u00e8mes o\u00f9 nous stockons des donn\u00e9es personnelles.<\/p>\n\n<h2 class=\"wp-block-heading\">3 &#8211; DROITS DE L\u2019UTILISATEUR<\/h2>\n\n<p>La personne concern\u00e9e a le droit de (par):<br\/>\u2013 Information et acc\u00e8s : l\u2019utilisateur peut obtenir des informations sur le traitement de ses donn\u00e9es et en obtenir une copie ;<br\/>\u2013 Rectification de vos donn\u00e9es, si vous les jugez incorrectes ou incompl\u00e8tes ;<br\/>\u2013 Limitation ou paiement total de vos donn\u00e9es personnelles stock\u00e9es dans notre base de donn\u00e9es, dans la mesure permise par la loi;<br\/>\u2013 Information et acc\u00e8s : l\u2019utilisateur peut obtenir des informations sur le traitement de ses donn\u00e9es et en obtenir une copie ;<br\/>\u2013 Opposition : La personne concern\u00e9e peut s\u2019opposer au traitement de ses donn\u00e9es personnelles pour des raisons d\u2019int\u00e9r\u00eat l\u00e9gitime. \u00c0 tout moment, vous pouvez \u00eatre redevable du traitement de ces donn\u00e9es lorsqu\u2019elles sont la cible d\u2019activit\u00e9s de marketing direct, y compris le profilage;<br\/>\u2013 D\u00e9cisions automatiques : le cas \u00e9ch\u00e9ant, le Titulaire a le droit d\u2019obtenir l\u2019intervention humaine de la personne responsable, d\u2019exprimer son point de vue et de contester les d\u00e9cisions automatiques, y compris le profilage ;<br\/>\u2013 Retirer votre consentement : dans les cas o\u00f9 vous avez donn\u00e9 votre consentement au traitement des donn\u00e9es personnelles, vous pouvez le retirer \u00e0 tout moment ;<br\/>\u2013 Portabilit\u00e9 : lorsque cela est l\u00e9galement admissible, vous avez le droit de restituer les donn\u00e9es personnelles vous concernant et de nous les avoir fournies ou, si cela est techniquement possible, de les transf\u00e9rer \u00e0 un autre tiers, responsable du traitement.<\/p>\n\n<h2 class=\"wp-block-heading\">4 &#8211; D\u00c9L\u00c9GU\u00c9 \u00c0 LA PROTECTION DES DONN\u00c9ES<\/h2>\n\n<p>MARCA CASA LIMA Travel Articles, Lda dispose d\u2019un d\u00e9l\u00e9gu\u00e9 \u00e0 la protection des donn\u00e9es, qui peut \u00eatre contact\u00e9 via l\u2019e-mail geral@casa-lima.com.<br\/>Le d\u00e9l\u00e9gu\u00e9 \u00e0 la protection des donn\u00e9es est notamment charg\u00e9 de surveiller la conformit\u00e9 des activit\u00e9s impliquant le traitement de vos donn\u00e9es avec les normes l\u00e9gales et r\u00e9glementaires applicables, et est \u00e9galement le point de contact entre CASA LIMA Travel Articles, Lda et l\u2019Autorit\u00e9 nationale de surveillance, ainsi qu\u2019entre CCASA LIMA Travel Articles, Lda et ses clients et utilisateurs en mati\u00e8re de traitement des donn\u00e9es personnelles.<\/p>\n\n<h2 class=\"wp-block-heading\">5 &#8211; AVEC QUI VOS DONN\u00c9ES SONT-ELLES PARTAG\u00c9ES ?<\/h2>\n\n<p>Les donn\u00e9es collect\u00e9es par CASA LIMA Travel Articles, Lda ne seront partag\u00e9es avec des tiers que lorsque cela est essentiel pour l\u2019activit\u00e9 de l\u2019entreprise, ou dans le but de remplir des obligations l\u00e9gales et contractuelles, \u00e0 savoir, mais pas seulement, des entit\u00e9s sous-traitantes, par exemple, pour la fourniture de services financiers, la comptabilit\u00e9, le courrier, les services informatiques, les services d\u2019archives,  les organes judiciaires ou officiels, les institutions de contr\u00f4le, les avocats dans le cadre de tout litige pouvant exister entre les parties ou plainte, entre autres, aupr\u00e8s de notre service.<br\/>CASA LIMA Travel Articles, Lda garantit qu\u2019elle n\u2019utilise que des prestataires de services qui fournissent les garanties de l\u2019ex\u00e9cution des mesures techniques et organisationnelles n\u00e9cessaires et appropri\u00e9es pour prot\u00e9ger vos donn\u00e9es personnelles, n\u2019ayant aucun contr\u00f4le ou responsabilit\u00e9 sur les politiques de tiers.<\/p>\n\n<h2 class=\"wp-block-heading\">6 &#8211; LIENS VERS DES SITES EXTERNES \/ LIENS<\/h2>\n\n<p>Notre politique de confidentialit\u00e9 et de protection des donn\u00e9es personnelles s\u2019applique exclusivement \u00e0 notre site Web, \u00e0 nos applications et \u00e0 nos autres plateformes num\u00e9riques. Cependant, ces plateformes contiennent des liens vers des sites Web tiers. Le lien vers ces sites suppose toujours qu\u2019un utilisateur clique sur son lien, n\u2019\u00e9tant jamais le lien automatique.<br\/>Il est absolument impossible pour CASA LIMA Travel Articles, Lda de s\u2019assurer que les pratiques de nos partenaires et fournisseurs en mati\u00e8re de protection des donn\u00e9es sont conformes \u00e0 la loi et \u00e0 nos exigences \u00e9thiques. Ainsi, CASA LIMA Travel Articles, Lda n\u2019assume aucune responsabilit\u00e9 pour le contenu ou la politique de confidentialit\u00e9 des sites Web externes, \u00e9tant la seule responsabilit\u00e9 de ses propri\u00e9taires tout dommage, perte, illicite ou infraction caus\u00e9, ou vraisemblablement caus\u00e9, ou li\u00e9, \u00e0 l\u2019utilisation de ces pages Web ou ressources externes.<\/p>\n\n<h2 class=\"has-x-large-font-size wp-block-heading\">Politique en mati\u00e8re de cookies<\/h2>\n\n<h2 class=\"wp-block-heading\">1. COOKIES : DE QUOI S\u2019AGIT-IL ?<\/h2>\n\n<p>Les cookies sont des fichiers texte de petite taille stock\u00e9s sur l\u2019\u00e9quipement des utilisateurs (\u00ab Utilisateur \u00bb) lors de visites sur certains sites Web (\u00ab Sites \u00bb). L\u2019utilisation de ce type de technologie pour acc\u00e9der aux Sites est une pratique courante, ne nuit pas aux \u00e9quipements des utilisateurs (ordinateur, smartphone, tablette, etc.) et les diff\u00e9rents navigateurs (navigateurs) permettent \u00e0 chaque Utilisateur d\u2019avoir la possibilit\u00e9 de refuser leur utilisation et\/ou d\u2019\u00e9liminer ceux qui ont d\u00e9j\u00e0 \u00e9t\u00e9 stock\u00e9s.<\/p>\n\n<p>Les cookies jouent un r\u00f4le important dans le fonctionnement des diff\u00e9rents Sites et dans l\u2019acc\u00e8s aux diff\u00e9rents contenus, vous permettant de comprendre comment le Site est utilis\u00e9 par ses Utilisateurs et de faciliter leur navigation, afin d\u2019assurer une meilleure exp\u00e9rience d\u2019utilisation du Site.<\/p>\n\n<h2 class=\"wp-block-heading\">2. POURQUOI UTILISONS-NOUS DES COOKIES ?<\/h2>\n\n<p>Le site Web www.casa-lima.com stocke des cookies qui sont utilis\u00e9s pour am\u00e9liorer les performances et l\u2019exp\u00e9rience des utilisateurs, dans les termes l\u00e9galement autoris\u00e9s. Les cookies stock\u00e9s sur le site de CASA LIMA Travel Articles, Lda ne sont pas utilis\u00e9s pour l\u2019enregistrement d\u2019informations personnelles ou confidentielles, ni pour l\u2019enregistrement de la navigation Internet en dehors du site CASA LIMA Travel Articles,  Lda, je suis d\u00e9sol\u00e9.<\/p>\n\n<p>Les cookies stock\u00e9s sur le site Web de CASA LIMA Travel Articles, Lda n\u2019identifient pas l\u2019utilisateur, mais seulement l\u2019ordinateur utilis\u00e9, et vous permettent d\u2019am\u00e9liorer votre exp\u00e9rience de navigation et d\u2019utilisation, par exemple, en nous aidant \u00e0 associer votre \u00e9quipement \u00e0 vos pr\u00e9f\u00e9rences ou \u00e0 vous fournir un contenu que nous comprenons qui peut vous int\u00e9resser.<\/p>\n\n<h2 class=\"wp-block-heading\">3. CAT\u00c9GORIES DE COOKIES<\/h2>\n\n<p>Les cookies stock\u00e9s sur le SITE CASA LIMA Travel Articles, Lda sont de trois types:<br\/>Cookies simples: sont des cookies n\u00e9cessaires au site CASA LIMA Travel Articles, Lda pour fonctionner efficacement, enregistrer l\u2019itin\u00e9raire de l\u2019utilisateur lors de sa visite sans l\u2019identifier et sont automatiquement supprim\u00e9s en quittant le site CASA LIMA Travel Articles, Lda.<br\/>Cookies persistants: ces cookies ne sont pas essentiels au fonctionnement des articles de voyage casa lima, Lda mais vous permettent d\u2019identifier les utilisateurs chaque fois qu\u2019ils acc\u00e8dent aux pages en optimisant leur exp\u00e9rience de navigation. Avec ces cookies, vous obtenez un num\u00e9ro unique qui identifie l\u2019utilisateur lorsque vous acc\u00e9dez au site Web de CASA LIMA Travel Articles, Lda. Les cookies persistants restent sur l\u2019ordinateur jusqu\u2019\u00e0 ce qu\u2019ils soient supprim\u00e9s par l\u2019Utilisateur.<br\/>Cookies de publicit\u00e9 comportementale: ce sont des cookies qui vous permettent de montrer des publicit\u00e9s qui sont comprises comme appropri\u00e9es \u00e0 vos int\u00e9r\u00eats et \u00e0 vos go\u00fbts. Par exemple, si vous \u00eates un lecteur int\u00e9ress\u00e9 par des articles sur les voitures, vous \u00eates susceptible d\u2019\u00eatre pr\u00e9sent\u00e9 avec de la publicit\u00e9 sur les services et les biens li\u00e9s \u00e0 la voiture.<br\/>Autres cookies ou cookies de tiers: sont des cookies g\u00e9n\u00e9ralement plac\u00e9s par des sites Web de tiers avec l\u2019autorisation de casa lima Travel Articles, Lda, vous permettant de vous rappeler que l\u2019utilisateur a d\u00e9j\u00e0 visit\u00e9 ce m\u00eame site.<\/p>\n\n<h2 class=\"wp-block-heading\">4. COMMENT G\u00c9RER LES COOKIES<\/h2>\n\n<p>En continuant \u00e0 naviguer sur le SITE CASA LIMA Travel Articles, Lda, et sauf si vous avez d\u00e9sactiv\u00e9 les cookies, vous consentez \u00e0 leur utilisation conform\u00e9ment \u00e0 la pr\u00e9sente politique en mati\u00e8re de cookies. Si vous choisissez de d\u00e9sactiver les cookies, tout ou partie du site Web des articles de voyage casa lima, Lda peut ne pas fonctionner correctement et l\u2019exp\u00e9rience de navigation sur le site Web des articles de voyage casa lima, Lda peut pr\u00e9senter une d\u00e9gradation consid\u00e9rable.  individuellement ou enti\u00e8rement, les cookies.<\/p>\n\n<p>Pour plus d\u2019informations sur les cookies, leur utilisation et comment g\u00e9rer vos pr\u00e9f\u00e9rences en mati\u00e8re de cookies, vous pouvez consulter les pages d\u2019aide sp\u00e9cifiques des diff\u00e9rents navigateurs ou pages g\u00e9n\u00e9riques sur ce sujet, par exemple :<\/p>\n\n<p>https:\/\/www.allaboutcookies.orghttps:\/\/www.microsoft.com\/info\/cookies.mspx<\/p>\n\n<p>Chrome: https:\/\/support.google.com\/chrome\/answer\/95647?hl=pt<\/p>\n\n<p>Internet Explorer : https:\/\/support.microsoft.com\/pt-pt\/help\/17442\/windows-internet-explorer-delete-manage-cookies#ie=ie-10<\/p>\n\n<p>Bord: https:\/\/privacy.microsoft.com\/en-us\/windows-10-microsoft-edge-and-privacy<\/p>\n\n<p>Mozzila Firefox: https:\/\/support.mozilla.org\/pt-PT\/kb\/ativar-e-desativar-cookies-que-os-websites-utiliza<\/p>\n\n<p>Pomme : https:\/\/support.apple.com\/kb\/PH17191?locale=en_US&amp;viewlocale=pt_PT<\/p>\n\n<p>Op\u00e9ra: https:\/\/support.apple.com\/kb\/PH17191?locale=en_US&amp;viewlocale=pt_PT<\/p>\n","protected":false},"excerpt":{"rendered":"<p>La marque CASA LIMA Travel Items, Lda se pr\u00e9occupe de la protection, de la s\u00e9curit\u00e9 etla confidentialit\u00e9 des renseignements personnels puisque nous sommes conscients de la confiance qu\u2019il placeen nous.&hellip;<\/p>\n","protected":false},"author":3,"featured_media":0,"parent":0,"menu_order":0,"comment_status":"closed","ping_status":"open","template":"","meta":{"footnotes":""},"class_list":["post-3427","page","type-page","status-publish","hentry"],"_links":{"self":[{"href":"https:\/\/casa-lima.com\/fr\/wp-json\/wp\/v2\/pages\/3427","targetHints":{"allow":["GET"]}}],"collection":[{"href":"https:\/\/casa-lima.com\/fr\/wp-json\/wp\/v2\/pages"}],"about":[{"href":"https:\/\/casa-lima.com\/fr\/wp-json\/wp\/v2\/types\/page"}],"author":[{"embeddable":true,"href":"https:\/\/casa-lima.com\/fr\/wp-json\/wp\/v2\/users\/3"}],"replies":[{"embeddable":true,"href":"https:\/\/casa-lima.com\/fr\/wp-json\/wp\/v2\/comments?post=3427"}],"version-history":[{"count":2,"href":"https:\/\/casa-lima.com\/fr\/wp-json\/wp\/v2\/pages\/3427\/revisions"}],"predecessor-version":[{"id":3438,"href":"https:\/\/casa-lima.com\/fr\/wp-json\/wp\/v2\/pages\/3427\/revisions\/3438"}],"wp:attachment":[{"href":"https:\/\/casa-lima.com\/fr\/wp-json\/wp\/v2\/media?parent=3427"}],"curies":[{"name":"wp","href":"https:\/\/api.w.org\/{rel}","templated":true}]}}