{"id":3534,"date":"2021-09-30T11:27:18","date_gmt":"2021-09-30T11:27:18","guid":{"rendered":"https:\/\/casa-lima.com\/rodrigues-sampaio\/"},"modified":"2022-12-28T15:53:31","modified_gmt":"2022-12-28T15:53:31","slug":"rodrigues-sampaio","status":"publish","type":"page","link":"https:\/\/casa-lima.com\/fr\/rodrigues-sampaio\/","title":{"rendered":"Rodrigues Sampaio"},"content":{"rendered":"<div class=\"wpb-content-wrapper\"><div class=\"vc_row wpb_row vc_row-fluid store-title\"><div class=\"wpb_column vc_column_container vc_col-sm-12\"><div class=\"vc_column-inner\"><div class=\"wpb_wrapper\">\n\t<div class=\"wpb_text_column wpb_content_element border-title\" >\n\t\t<div class=\"wpb_wrapper\">\n\t\t\t<h2 style=\"text-align: center;\">Magasin Rodrigues Sampaio<\/h2>\n\n\t\t<\/div>\n\t<\/div>\n<\/div><\/div><\/div><\/div><div class=\"vc_row wpb_row vc_row-fluid\"><div class=\"wpb_column vc_column_container vc_col-sm-12\"><div class=\"vc_column-inner\"><div class=\"wpb_wrapper\"><div class=\"vc_empty_space\"   style=\"height: 64px\"><span class=\"vc_empty_space_inner\"><\/span><\/div><\/div><\/div><\/div><\/div><div data-vc-full-width=\"true\" data-vc-full-width-temp=\"true\" data-vc-full-width-init=\"false\" class=\"vc_row wpb_row vc_row-fluid black-text-store vc_custom_1633531822228 vc_row-has-fill\"><div class=\"wpb_column vc_column_container vc_col-sm-6\"><div class=\"vc_column-inner\"><div class=\"wpb_wrapper\">\n\t<div class=\"wpb_text_column wpb_content_element\" >\n\t\t<div class=\"wpb_wrapper\">\n\t\t\t<p><iframe loading=\"lazy\" class=\"height-contactos\" style=\"border: 0;\" src=\"https:\/\/www.google.com\/maps\/embed?pb=!1m18!1m12!1m3!1d3004.338286232264!2d-8.6121593489707!3d41.14896917918512!2m3!1f0!2f0!3f0!3m2!1i1024!2i768!4f13.1!3m3!1m2!1s0xd2464e4ade01bc3%3A0x96203a2e3cc360c8!2sR.+de+Rodrigues+Sampaio+186%2C+4000-124+Porto!5e0!3m2!1sen!2spt!4v1500913338405\" width=\"100%\" height=\"374\" frameborder=\"0\" allowfullscreen=\"allowfullscreen\"><\/iframe><\/p>\n\n\t\t<\/div>\n\t<\/div>\n<\/div><\/div><\/div><div class=\"black-text wpb_column vc_column_container vc_col-sm-6\"><div class=\"vc_column-inner vc_custom_1636557139119\"><div class=\"wpb_wrapper\">\n\t<div class=\"wpb_text_column wpb_content_element padding-top-bottom\" >\n\t\t<div class=\"wpb_wrapper\">\n\t\t\t<p>Direccion<\/p>\n<p>Rue Rodrigues Sampaio, 186<\/p>\n<p>Port 4000-424<\/p>\n<p>T\u00e9l\u00e9phone<\/p>\n<p>223 326 510 &#8211; Appel vers le r\u00e9seau fixe national<\/p>\n<p>Messagerie \u00e9lectronique<\/p>\n<p>geral@casa-lima.com<\/p>\n\n\t\t<\/div>\n\t<\/div>\n<\/div><\/div><\/div><\/div><div class=\"vc_row-full-width vc_clearfix\"><\/div><div class=\"vc_row wpb_row vc_row-fluid\"><div class=\"wpb_column vc_column_container vc_col-sm-12\"><div class=\"vc_column-inner\"><div class=\"wpb_wrapper\"><div class=\"vc_empty_space\"   style=\"height: 64px\"><span class=\"vc_empty_space_inner\"><\/span><\/div><\/div><\/div><\/div><\/div><div class=\"vc_row wpb_row vc_row-fluid vwcem\"><div class=\"vwcem wpb_column vc_column_container vc_col-sm-12\"><div class=\"vc_column-inner\"><div class=\"wpb_wrapper\">\n\t<div  class=\"wpb_single_image wpb_content_element vc_align_center wpb_content_element  vwcem\">\n\t\t\n\t\t<figure class=\"wpb_wrapper vc_figure\">\n\t\t\t<div class=\"vc_single_image-wrapper   vc_box_border_grey\"><img loading=\"lazy\" decoding=\"async\" width=\"1920\" height=\"960\" src=\"https:\/\/casa-lima.com\/wp-content\/uploads\/2021\/10\/03-CasaLima-Lojas-Rodrigues-Sampaio.jpg\" class=\"vc_single_image-img attachment-full\" alt=\"\" title=\"CasaLima_Layout_2021_Demos_2\" srcset=\"https:\/\/casa-lima.com\/wp-content\/uploads\/2021\/10\/03-CasaLima-Lojas-Rodrigues-Sampaio.jpg 1920w, https:\/\/casa-lima.com\/wp-content\/uploads\/2021\/10\/03-CasaLima-Lojas-Rodrigues-Sampaio-600x300.jpg 600w, https:\/\/casa-lima.com\/wp-content\/uploads\/2021\/10\/03-CasaLima-Lojas-Rodrigues-Sampaio-300x150.jpg 300w, https:\/\/casa-lima.com\/wp-content\/uploads\/2021\/10\/03-CasaLima-Lojas-Rodrigues-Sampaio-1024x512.jpg 1024w, https:\/\/casa-lima.com\/wp-content\/uploads\/2021\/10\/03-CasaLima-Lojas-Rodrigues-Sampaio-768x384.jpg 768w, https:\/\/casa-lima.com\/wp-content\/uploads\/2021\/10\/03-CasaLima-Lojas-Rodrigues-Sampaio-1536x768.jpg 1536w, https:\/\/casa-lima.com\/wp-content\/uploads\/2021\/10\/03-CasaLima-Lojas-Rodrigues-Sampaio-1320x660.jpg 1320w\" sizes=\"auto, (max-width: 1920px) 100vw, 1920px\" \/><\/div>\n\t\t<\/figure>\n\t<\/div>\n<\/div><\/div><\/div><\/div><div class=\"vc_row wpb_row vc_row-fluid store-title no-padding-banner-images\"><div class=\"wpb_column vc_column_container vc_col-sm-12\"><div class=\"vc_column-inner\"><div class=\"wpb_wrapper\">\n\t<div class=\"wpb_text_column wpb_content_element border-title\" >\n\t\t<div class=\"wpb_wrapper\">\n\t\t\t<h2 style=\"text-align: center;\">Des produits<\/h2>\n\n\t\t<\/div>\n\t<\/div>\n<div class=\"vc_empty_space\"   style=\"height: 32px\"><span class=\"vc_empty_space_inner\"><\/span><\/div><div class=\"vc_row wpb_row vc_inner vc_row-fluid\"><div class=\"wpb_column vc_column_container vc_col-sm-4\"><div class=\"vc_column-inner\"><div class=\"wpb_wrapper\"><div class=\"sober-banner light-scheme text-position-center button-visible-always vc_custom_1634571175312\"><a href=\"https:\/\/casa-lima.com\/categoria-produto\/malas-de-viagem\/\" target=\"\" rel=\"\"><img decoding=\"async\" class=\"\" src=\"https:\/\/casa-lima.com\/wp-content\/uploads\/2021\/09\/malas-viagem-614x320.jpg\" width=\"614\" height=\"320\" alt=\"malas-viagem\" title=\"malas-viagem\" loading=\"lazy\" \/><span class=\"banner-content\"><span class=\"banner-desc\">Malas de viagem<\/span><span class=\"banner-text\" style=\"color: #ffffff\"><\/span><span class=\"sober-button button-normal button active\">VER MAIS<\/span><\/span><\/a><\/div><\/div><\/div><\/div><div class=\"wpb_column vc_column_container vc_col-sm-4\"><div class=\"vc_column-inner\"><div class=\"wpb_wrapper\"><div class=\"sober-banner light-scheme text-position-center button-visible-always\"><a href=\"https:\/\/casa-lima.com\/categoria-produto\/malas-de-senhora\/\" target=\"\" rel=\"\"><img decoding=\"async\" class=\"\" src=\"https:\/\/casa-lima.com\/wp-content\/uploads\/2021\/09\/02-CasaLima-Home-Senhora-1920x1920-614x320.jpg\" width=\"614\" height=\"320\" alt=\"02-CasaLima-Home-Senhora\" title=\"02-CasaLima-Home-Senhora\" loading=\"lazy\" \/><span class=\"banner-content\"><span class=\"banner-desc\">Malas de senhora<\/span><span class=\"banner-text\" style=\"font-family:Abril Fatface;font-weight:400;font-style:normal\"><\/span><span class=\"sober-button button-normal button active\">VER MAIS<\/span><\/span><\/a><\/div><\/div><\/div><\/div><div class=\"wpb_column vc_column_container vc_col-sm-4\"><div class=\"vc_column-inner\"><div class=\"wpb_wrapper\"><div class=\"sober-banner light-scheme text-position-center button-visible-always\"><a href=\"https:\/\/casa-lima.com\/categoria-produto\/pastas\/\" target=\"\" rel=\"\"><img decoding=\"async\" class=\"\" src=\"https:\/\/casa-lima.com\/wp-content\/uploads\/2021\/09\/03-CasaLima-Home-Pastas-1920x1920-614x320.jpg\" width=\"614\" height=\"320\" alt=\"03-CasaLima-Home-Pastas\" title=\"03-CasaLima-Home-Pastas\" loading=\"lazy\" \/><span class=\"banner-content\"><span class=\"banner-desc\">Pastas<\/span><span class=\"banner-text\" style=\"font-family:Abril Fatface;font-weight:400;font-style:normal\"><\/span><span class=\"sober-button button-normal button active\">VER MAIS<\/span><\/span><\/a><\/div><\/div><\/div><\/div><\/div><div class=\"vc_row wpb_row vc_inner vc_row-fluid\"><div class=\"wpb_column vc_column_container vc_col-sm-4\"><div class=\"vc_column-inner\"><div class=\"wpb_wrapper\"><div class=\"sober-banner light-scheme text-position-center button-visible-always\"><a href=\"https:\/\/casa-lima.com\/categoria-produto\/mochilas\/\" target=\"\" rel=\"\"><img decoding=\"async\" class=\"\" src=\"https:\/\/casa-lima.com\/wp-content\/uploads\/2021\/09\/mochilas-614x320.jpg\" width=\"614\" height=\"320\" alt=\"mochilas\" title=\"mochilas\" loading=\"lazy\" \/><span class=\"banner-content\"><span class=\"banner-desc\">Mochilas<\/span><span class=\"banner-text\" style=\"font-family:Abril Fatface;font-weight:400;font-style:normal\"><\/span><span class=\"sober-button button-normal button active\">VER MAIS<\/span><\/span><\/a><\/div><\/div><\/div><\/div><div class=\"wpb_column vc_column_container vc_col-sm-4\"><div class=\"vc_column-inner\"><div class=\"wpb_wrapper\"><div class=\"sober-banner light-scheme text-position-center button-visible-always\"><a href=\"https:\/\/casa-lima.com\/categoria-produto\/luvas\/\" target=\"\" rel=\"\"><img decoding=\"async\" class=\"\" src=\"https:\/\/casa-lima.com\/wp-content\/uploads\/2021\/09\/luvas-index-614x320.jpg\" width=\"614\" height=\"320\" alt=\"luvas-index\" title=\"luvas-index\" loading=\"lazy\" \/><span class=\"banner-content\"><span class=\"banner-desc\">Luvas<\/span><span class=\"banner-text\" style=\"font-family:Abril Fatface;font-weight:400;font-style:normal\"><\/span><span class=\"sober-button button-normal button active\">VER MAIS<\/span><\/span><\/a><\/div><\/div><\/div><\/div><div class=\"wpb_column vc_column_container vc_col-sm-4\"><div class=\"vc_column-inner\"><div class=\"wpb_wrapper\"><div class=\"sober-banner light-scheme text-position-center button-visible-always porta-moedas\"><a href=\"https:\/\/casa-lima.com\/categoria-produto\/carteiras-e-porta-moedas\/\" target=\"\" rel=\"\"><img decoding=\"async\" class=\"\" src=\"https:\/\/casa-lima.com\/wp-content\/uploads\/2021\/09\/06-CasaLima-Home-Porta-Moedas-1920x1920-614x320.jpg\" width=\"614\" height=\"320\" alt=\"06-CasaLima-Home-Porta-Moedas\" title=\"06-CasaLima-Home-Porta-Moedas\" loading=\"lazy\" \/><span class=\"banner-content\"><span class=\"banner-desc\">Carteiras e porta-moedas<\/span><span class=\"banner-text\" style=\"font-family:Abril Fatface;font-weight:400;font-style:normal\"><\/span><span class=\"sober-button button-normal button active\">VER MAIS<\/span><\/span><\/a><\/div><\/div><\/div><\/div><\/div><div class=\"vc_row wpb_row vc_inner vc_row-fluid\"><div class=\"wpb_column vc_column_container vc_col-sm-4\"><div class=\"vc_column-inner\"><div class=\"wpb_wrapper\"><div class=\"sober-banner light-scheme text-position-center button-visible-always\"><a href=\"https:\/\/casa-lima.com\/categoria-produto\/guarda-chuvas\/\" target=\"\" rel=\"\"><img decoding=\"async\" class=\"\" src=\"https:\/\/casa-lima.com\/wp-content\/uploads\/2021\/09\/guarda-chuvas-614x320.jpg\" width=\"614\" height=\"320\" alt=\"guarda-chuvas\" title=\"guarda-chuvas\" loading=\"lazy\" \/><span class=\"banner-content\"><span class=\"banner-desc\">Guarda-chuva<\/span><span class=\"banner-text\" style=\"font-family:Abril Fatface;font-weight:400;font-style:normal\"><\/span><span class=\"sober-button button-normal button active\">VER MAIS<\/span><\/span><\/a><\/div><\/div><\/div><\/div><div class=\"wpb_column vc_column_container vc_col-sm-4\"><div class=\"vc_column-inner\"><div class=\"wpb_wrapper\"><div class=\"sober-banner light-scheme text-position-center button-visible-always\"><a href=\"https:\/\/casa-lima.com\/categoria-produto\/bengalas\/\" target=\"\" rel=\"\"><img decoding=\"async\" class=\"\" src=\"https:\/\/casa-lima.com\/wp-content\/uploads\/2021\/09\/bengalas-614x320.jpg\" width=\"614\" height=\"320\" alt=\"bengalas\" title=\"bengalas\" loading=\"lazy\" \/><span class=\"banner-content\"><span class=\"banner-desc\">Bengalas<\/span><span class=\"banner-text\" style=\"font-family:Abril Fatface;font-weight:400;font-style:normal\"><\/span><span class=\"sober-button button-normal button active\">VER MAIS<\/span><\/span><\/a><\/div><\/div><\/div><\/div><div class=\"wpb_column vc_column_container vc_col-sm-4\"><div class=\"vc_column-inner\"><div class=\"wpb_wrapper\"><div class=\"sober-banner light-scheme text-position-center button-visible-always\"><a href=\"https:\/\/casa-lima.com\/categoria-produto\/cintos-e-supensorios\/\" target=\"\" rel=\"\"><img decoding=\"async\" class=\"\" src=\"https:\/\/casa-lima.com\/wp-content\/uploads\/2021\/09\/09-CasaLima-Home-Cintos-1920x1920-614x320.jpg\" width=\"614\" height=\"320\" alt=\"09-CasaLima-Home-Cintos\" title=\"09-CasaLima-Home-Cintos\" loading=\"lazy\" \/><span class=\"banner-content\"><span class=\"banner-desc\">Cintos e suspens\u00f3rios<\/span><span class=\"banner-text\" style=\"font-family:Abril Fatface;font-weight:400;font-style:normal\"><\/span><span class=\"sober-button button-normal button active\">VER MAIS<\/span><\/span><\/a><\/div><\/div><\/div><\/div><\/div><\/div><\/div><\/div><\/div>\n<\/div>","protected":false},"excerpt":{"rendered":"Magasin Rodrigues Sampaio Direccion Rue Rodrigues Sampaio, 186 Port 4000-424 T\u00e9l\u00e9phone 223 326 510 - Appel vers le r\u00e9seau fixe national Messagerie \u00e9lectronique geral@casa-lima.com Des produits Malas de viagemVER MAISMalas&hellip;","protected":false},"author":3,"featured_media":0,"parent":0,"menu_order":0,"comment_status":"closed","ping_status":"closed","template":"","meta":{"footnotes":""},"class_list":["post-3534","page","type-page","status-publish","hentry"],"_links":{"self":[{"href":"https:\/\/casa-lima.com\/fr\/wp-json\/wp\/v2\/pages\/3534","targetHints":{"allow":["GET"]}}],"collection":[{"href":"https:\/\/casa-lima.com\/fr\/wp-json\/wp\/v2\/pages"}],"about":[{"href":"https:\/\/casa-lima.com\/fr\/wp-json\/wp\/v2\/types\/page"}],"author":[{"embeddable":true,"href":"https:\/\/casa-lima.com\/fr\/wp-json\/wp\/v2\/users\/3"}],"replies":[{"embeddable":true,"href":"https:\/\/casa-lima.com\/fr\/wp-json\/wp\/v2\/comments?post=3534"}],"version-history":[{"count":31,"href":"https:\/\/casa-lima.com\/fr\/wp-json\/wp\/v2\/pages\/3534\/revisions"}],"predecessor-version":[{"id":7303,"href":"https:\/\/casa-lima.com\/fr\/wp-json\/wp\/v2\/pages\/3534\/revisions\/7303"}],"wp:attachment":[{"href":"https:\/\/casa-lima.com\/fr\/wp-json\/wp\/v2\/media?parent=3534"}],"curies":[{"name":"wp","href":"https:\/\/api.w.org\/{rel}","templated":true}]}}