{"id":3650,"date":"2022-03-29T11:19:25","date_gmt":"2022-03-29T11:19:25","guid":{"rendered":"https:\/\/casa-lima.com\/modes-de-paiement\/"},"modified":"2022-04-28T16:33:34","modified_gmt":"2022-04-28T16:33:34","slug":"modes-de-paiement","status":"publish","type":"page","link":"https:\/\/casa-lima.com\/fr\/modes-de-paiement\/","title":{"rendered":"Modes de paiement"},"content":{"rendered":"<div class=\"wpb-content-wrapper\"><div class=\"vc_row wpb_row vc_row-fluid\"><div class=\"wpb_column vc_column_container vc_col-sm-12\"><div class=\"vc_column-inner\"><div class=\"wpb_wrapper\">\n\t<div class=\"wpb_text_column wpb_content_element\" >\n\t\t<div class=\"wpb_wrapper\">\n\t\t\t<h2 class=\"wp-block-heading\">Carte de cr\u00e9dit<\/h2>\n<p>Le client pourra payer par carte bancaire et b\u00e9n\u00e9ficier des avantages de liquidit\u00e9 et de d\u00e9lais de paiement propos\u00e9s par sa banque.<\/p>\n<p>Toutes les transactions sur notre site Web sont s\u00e9curis\u00e9es.<\/p>\n<p>Est-il s\u00fbr de payer avec ma carte en ligne ?<\/p>\n<p>Cette boutique en ligne utilise un m\u00e9canisme sophistiqu\u00e9 pour d\u00e9tecter et emp\u00eacher les actions indiquant une fraude. Gr\u00e2ce \u00e0 cette solution, il est possible de v\u00e9rifier l&rsquo;authenticit\u00e9 des paiements effectu\u00e9s en ligne, tout en pr\u00e9servant l&rsquo;int\u00e9grit\u00e9 et la s\u00e9curit\u00e9 des donn\u00e9es des clients, ainsi que leur identification.<\/p>\n<p>Cette s\u00e9curit\u00e9 est rendue possible par la technologie SSL (Secure Socket Layer) qui crypte les communications produites entre l&rsquo;ordinateur du client et notre serveur, afin qu&rsquo;elles ne puissent \u00eatre intercept\u00e9es. A ce titre, Casa Lima se r\u00e9serve le droit de refuser le paiement d&rsquo;une commande pour une transaction consid\u00e9r\u00e9e comme ill\u00e9gale. Toute activit\u00e9 consid\u00e9r\u00e9e comme ill\u00e9gale sera imm\u00e9diatement signal\u00e9e aux autorit\u00e9s comp\u00e9tentes.<\/p>\n<p>3D Secure : 3D Secure est un protocole de communication d\u00e9velopp\u00e9 pour am\u00e9liorer la s\u00e9curit\u00e9 des paiements en ligne et permettre l&rsquo;authentification de l&rsquo;utilisateur de la carte bancaire aupr\u00e8s de la banque \u00e9mettrice. Lors d&rsquo;un paiement dans une boutique en ligne, un processus est d\u00e9clench\u00e9 pour v\u00e9rifier que la carte utilis\u00e9e est valide. Si tel est le cas, les syst\u00e8mes de s\u00e9curit\u00e9 associ\u00e9s au protocole 3D Secure v\u00e9rifient l&rsquo;identit\u00e9 du client, en utilisant l&rsquo;\u00e9metteur de la carte de cr\u00e9dit en temps r\u00e9el. Cela valide l&rsquo;identit\u00e9 du client et informe le syst\u00e8me du magasin que la carte utilis\u00e9e est l\u00e9gitime.<\/p>\n<p>L&rsquo;objectif est de prot\u00e9ger les titulaires de cartes de cr\u00e9dit, de r\u00e9duire le risque d&rsquo;utilisation frauduleuse de leurs cartes et d&rsquo;am\u00e9liorer les performances des transactions. Ce protocole est utilis\u00e9 par Visa, sous le nom \u00ab Verified By Visa \u00bb, et par Mastercard, sous le nom \u00ab Secure Code \u00bb.<\/p>\n<h2>ATM<\/h2>\n<p>Les paiements par Multibanco peuvent \u00eatre effectu\u00e9s via le r\u00e9seau ATM ou via votre Homebanking.<\/p>\n<p>A la fin de votre commande, une r\u00e9f\u00e9rence ATM sera g\u00e9n\u00e9r\u00e9e. Le client recevra cette r\u00e9f\u00e9rence dans l&rsquo;e-mail de confirmation de commande.<\/p>\n<p>Pour payer \u00e0 un guichet automatique, le client doit s\u00e9lectionner l&rsquo;option \u00ab\u00a0Paiement des services\/achats\u00a0\u00bb et saisir l&rsquo;entit\u00e9, la r\u00e9f\u00e9rence et le montant correspondants.<\/p>\n<h2>MBWAY<\/h2>\n<p>Le client peut r\u00e9gler sa commande via le syst\u00e8me de paiement MB WAY. Pour ce faire, lors du processus de commande, vous devez s\u00e9lectionner ce mode de paiement et indiquer le num\u00e9ro de t\u00e9l\u00e9phone mobile auquel l&rsquo;application est associ\u00e9e, y acc\u00e9der et suivre les \u00e9tapes de confirmation d&rsquo;achat indiqu\u00e9es.<\/p>\n<p>Si le num\u00e9ro saisi ne correspond pas \u00e0 un num\u00e9ro de paiement enregistr\u00e9 dans cette application, le message suivant s&rsquo;affichera : \u00ab Il n&rsquo;a pas \u00e9t\u00e9 possible de valider votre paiement. Nous avons re\u00e7u le message suivant\u00a0: \u00ab\u00a0Alias \u200b\u200bMB WAY inexistant\u00a0\u00bb. Comme indiqu\u00e9 dans l&rsquo;application, le paiement doit \u00eatre effectu\u00e9 dans les cinq minutes, sinon la commande sera annul\u00e9e.<\/p>\n\n\t\t<\/div>\n\t<\/div>\n<\/div><\/div><\/div><\/div>\n<\/div>","protected":false},"excerpt":{"rendered":"Carte de cr\u00e9dit Le client pourra payer par carte bancaire et b\u00e9n\u00e9ficier des avantages de liquidit\u00e9 et de d\u00e9lais de paiement propos\u00e9s par sa banque. Toutes les transactions sur notre&hellip;","protected":false},"author":2,"featured_media":0,"parent":0,"menu_order":0,"comment_status":"closed","ping_status":"closed","template":"","meta":{"footnotes":""},"class_list":["post-3650","page","type-page","status-publish","hentry"],"_links":{"self":[{"href":"https:\/\/casa-lima.com\/fr\/wp-json\/wp\/v2\/pages\/3650","targetHints":{"allow":["GET"]}}],"collection":[{"href":"https:\/\/casa-lima.com\/fr\/wp-json\/wp\/v2\/pages"}],"about":[{"href":"https:\/\/casa-lima.com\/fr\/wp-json\/wp\/v2\/types\/page"}],"author":[{"embeddable":true,"href":"https:\/\/casa-lima.com\/fr\/wp-json\/wp\/v2\/users\/2"}],"replies":[{"embeddable":true,"href":"https:\/\/casa-lima.com\/fr\/wp-json\/wp\/v2\/comments?post=3650"}],"version-history":[{"count":6,"href":"https:\/\/casa-lima.com\/fr\/wp-json\/wp\/v2\/pages\/3650\/revisions"}],"predecessor-version":[{"id":4347,"href":"https:\/\/casa-lima.com\/fr\/wp-json\/wp\/v2\/pages\/3650\/revisions\/4347"}],"wp:attachment":[{"href":"https:\/\/casa-lima.com\/fr\/wp-json\/wp\/v2\/media?parent=3650"}],"curies":[{"name":"wp","href":"https:\/\/api.w.org\/{rel}","templated":true}]}}