{"id":3387,"date":"2022-04-19T22:03:56","date_gmt":"2022-04-19T22:03:56","guid":{"rendered":"https:\/\/casa-lima.com\/produto\/sac-a-dos-eastpak-2\/"},"modified":"2022-04-27T19:35:37","modified_gmt":"2022-04-27T19:35:37","slug":"sac-a-dos-eastpak-2","status":"publish","type":"product","link":"https:\/\/casa-lima.com\/fr\/produto\/sac-a-dos-eastpak-2\/","title":{"rendered":"Sac \u00e0 dos eastpak"},"content":{"rendered":"<p>Sac \u00e0 dos mod\u00e8le Bold Brand d\u2019EastPak en nylon, r\u00e9sistant \u00e0 l\u2019eau et d\u2019une capacit\u00e9 d\u2019ordinateur de 13 \u00a0\u00bb.<\/p>\n","protected":false},"excerpt":{"rendered":"<p><strong>Nylon<\/strong><\/p>\n","protected":false},"featured_media":3346,"template":"","meta":[],"product_brand":[],"product_cat":[49],"product_tag":[],"class_list":{"0":"post-3387","1":"product","2":"type-product","3":"status-publish","4":"has-post-thumbnail","6":"product_cat-sacs","8":"first","9":"instock","10":"taxable","11":"shipping-taxable","12":"purchasable","13":"product-type-simple","14":"layout-style-2","15":"col-md-4 col-sm-4 col-xs-6","16":"col-lg-3","17":"product-style-addtocart"},"_links":{"self":[{"href":"https:\/\/casa-lima.com\/fr\/wp-json\/wp\/v2\/product\/3387","targetHints":{"allow":["GET"]}}],"collection":[{"href":"https:\/\/casa-lima.com\/fr\/wp-json\/wp\/v2\/product"}],"about":[{"href":"https:\/\/casa-lima.com\/fr\/wp-json\/wp\/v2\/types\/product"}],"wp:featuredmedia":[{"embeddable":true,"href":"https:\/\/casa-lima.com\/fr\/wp-json\/wp\/v2\/media\/3346"}],"wp:attachment":[{"href":"https:\/\/casa-lima.com\/fr\/wp-json\/wp\/v2\/media?parent=3387"}],"wp:term":[{"taxonomy":"product_brand","embeddable":true,"href":"https:\/\/casa-lima.com\/fr\/wp-json\/wp\/v2\/product_brand?post=3387"},{"taxonomy":"product_cat","embeddable":true,"href":"https:\/\/casa-lima.com\/fr\/wp-json\/wp\/v2\/product_cat?post=3387"},{"taxonomy":"product_tag","embeddable":true,"href":"https:\/\/casa-lima.com\/fr\/wp-json\/wp\/v2\/product_tag?post=3387"}],"curies":[{"name":"wp","href":"https:\/\/api.w.org\/{rel}","templated":true}]}}