{"id":3799,"date":"2022-04-19T18:29:01","date_gmt":"2022-04-19T18:29:01","guid":{"rendered":"https:\/\/casa-lima.com\/produto\/portefeuille-dakar\/"},"modified":"2022-04-29T13:11:31","modified_gmt":"2022-04-29T13:11:31","slug":"portefeuille-dakar","status":"publish","type":"product","link":"https:\/\/casa-lima.com\/fr\/produto\/portefeuille-dakar\/","title":{"rendered":"Portefeuille Dakar"},"content":{"rendered":"<p>Portefeuille homme en cuir Dakar avec 9 compartiments \u00e0 cartes, 1 compartiments \u00e0 billets et 1 compartiment \u00e0 pi\u00e8ces. Couleur marron.<\/p>\n","protected":false},"excerpt":{"rendered":"<p><strong>Sur le cuir<\/strong><\/p>\n","protected":false},"featured_media":3191,"template":"","meta":[],"product_brand":[],"product_cat":[53],"product_tag":[],"class_list":{"0":"post-3799","1":"product","2":"type-product","3":"status-publish","4":"has-post-thumbnail","6":"product_cat-portefeuilles-et-porte-pieces","8":"first","9":"instock","10":"taxable","11":"shipping-taxable","12":"purchasable","13":"product-type-simple","14":"layout-style-2","15":"col-md-4 col-sm-4 col-xs-6","16":"col-lg-3","17":"product-style-addtocart"},"_links":{"self":[{"href":"https:\/\/casa-lima.com\/fr\/wp-json\/wp\/v2\/product\/3799","targetHints":{"allow":["GET"]}}],"collection":[{"href":"https:\/\/casa-lima.com\/fr\/wp-json\/wp\/v2\/product"}],"about":[{"href":"https:\/\/casa-lima.com\/fr\/wp-json\/wp\/v2\/types\/product"}],"wp:featuredmedia":[{"embeddable":true,"href":"https:\/\/casa-lima.com\/fr\/wp-json\/wp\/v2\/media\/3191"}],"wp:attachment":[{"href":"https:\/\/casa-lima.com\/fr\/wp-json\/wp\/v2\/media?parent=3799"}],"wp:term":[{"taxonomy":"product_brand","embeddable":true,"href":"https:\/\/casa-lima.com\/fr\/wp-json\/wp\/v2\/product_brand?post=3799"},{"taxonomy":"product_cat","embeddable":true,"href":"https:\/\/casa-lima.com\/fr\/wp-json\/wp\/v2\/product_cat?post=3799"},{"taxonomy":"product_tag","embeddable":true,"href":"https:\/\/casa-lima.com\/fr\/wp-json\/wp\/v2\/product_tag?post=3799"}],"curies":[{"name":"wp","href":"https:\/\/api.w.org\/{rel}","templated":true}]}}