{"id":5511,"date":"2022-06-27T15:57:29","date_gmt":"2022-06-27T15:57:29","guid":{"rendered":"https:\/\/casa-lima.com\/produto\/double-porte-cles-en-cuir\/"},"modified":"2023-06-19T16:25:51","modified_gmt":"2023-06-19T16:25:51","slug":"porte-cles-double-peau","status":"publish","type":"product","link":"https:\/\/casa-lima.com\/fr\/produto\/porte-cles-double-peau\/","title":{"rendered":"Double porte-cl\u00e9s en cuir"},"content":{"rendered":"<p>Porte-cl\u00e9s double en cuir de marque F Antunes, couleur marron 12 cl\u00e9s<\/p>\n<p>Fabriqu\u00e9 au Portugal<\/p>\n","protected":false},"excerpt":{"rendered":"<p>Double porte-cl\u00e9s en cuir<\/p>\n","protected":false},"featured_media":5500,"template":"","meta":[],"product_brand":[],"product_cat":[53],"product_tag":[],"class_list":{"0":"post-5511","1":"product","2":"type-product","3":"status-publish","4":"has-post-thumbnail","6":"product_cat-portefeuilles-et-porte-pieces","8":"first","9":"outofstock","10":"taxable","11":"shipping-taxable","12":"purchasable","13":"product-type-simple","14":"layout-style-2","15":"col-md-4 col-sm-4 col-xs-6","16":"col-lg-3","17":"product-has-gallery","18":"product-style-addtocart"},"_links":{"self":[{"href":"https:\/\/casa-lima.com\/fr\/wp-json\/wp\/v2\/product\/5511","targetHints":{"allow":["GET"]}}],"collection":[{"href":"https:\/\/casa-lima.com\/fr\/wp-json\/wp\/v2\/product"}],"about":[{"href":"https:\/\/casa-lima.com\/fr\/wp-json\/wp\/v2\/types\/product"}],"wp:featuredmedia":[{"embeddable":true,"href":"https:\/\/casa-lima.com\/fr\/wp-json\/wp\/v2\/media\/5500"}],"wp:attachment":[{"href":"https:\/\/casa-lima.com\/fr\/wp-json\/wp\/v2\/media?parent=5511"}],"wp:term":[{"taxonomy":"product_brand","embeddable":true,"href":"https:\/\/casa-lima.com\/fr\/wp-json\/wp\/v2\/product_brand?post=5511"},{"taxonomy":"product_cat","embeddable":true,"href":"https:\/\/casa-lima.com\/fr\/wp-json\/wp\/v2\/product_cat?post=5511"},{"taxonomy":"product_tag","embeddable":true,"href":"https:\/\/casa-lima.com\/fr\/wp-json\/wp\/v2\/product_tag?post=5511"}],"curies":[{"name":"wp","href":"https:\/\/api.w.org\/{rel}","templated":true}]}}